{"id":841,"date":"2024-07-23T14:24:15","date_gmt":"2024-07-23T12:24:15","guid":{"rendered":"https:\/\/greenfuelpartners.com\/?page_id=841"},"modified":"2025-08-29T09:33:11","modified_gmt":"2025-08-29T07:33:11","slug":"ansatz","status":"publish","type":"page","link":"https:\/\/greenfuelpartners.com\/en\/ansatz\/","title":{"rendered":"Approach"},"content":{"rendered":"<div data-elementor-type=\"wp-page\" data-elementor-id=\"841\" class=\"elementor elementor-841\" data-elementor-post-type=\"page\">\n\t\t\t\t<div class=\"elementor-element elementor-element-08dfcc7 e-con-full e-transform e-flex e-con e-parent\" data-id=\"08dfcc7\" data-element_type=\"container\" data-settings=\"{&quot;background_background&quot;:&quot;classic&quot;,&quot;_transform_translateX_effect_tablet&quot;:{&quot;unit&quot;:&quot;px&quot;,&quot;size&quot;:0,&quot;sizes&quot;:[]},&quot;_transform_translateX_effect&quot;:{&quot;unit&quot;:&quot;px&quot;,&quot;size&quot;:&quot;&quot;,&quot;sizes&quot;:[]},&quot;_transform_translateX_effect_laptop&quot;:{&quot;unit&quot;:&quot;px&quot;,&quot;size&quot;:&quot;&quot;,&quot;sizes&quot;:[]},&quot;_transform_translateX_effect_tablet_extra&quot;:{&quot;unit&quot;:&quot;px&quot;,&quot;size&quot;:&quot;&quot;,&quot;sizes&quot;:[]},&quot;_transform_translateX_effect_mobile&quot;:{&quot;unit&quot;:&quot;px&quot;,&quot;size&quot;:&quot;&quot;,&quot;sizes&quot;:[]},&quot;_transform_translateY_effect&quot;:{&quot;unit&quot;:&quot;px&quot;,&quot;size&quot;:&quot;&quot;,&quot;sizes&quot;:[]},&quot;_transform_translateY_effect_laptop&quot;:{&quot;unit&quot;:&quot;px&quot;,&quot;size&quot;:&quot;&quot;,&quot;sizes&quot;:[]},&quot;_transform_translateY_effect_tablet_extra&quot;:{&quot;unit&quot;:&quot;px&quot;,&quot;size&quot;:&quot;&quot;,&quot;sizes&quot;:[]},&quot;_transform_translateY_effect_tablet&quot;:{&quot;unit&quot;:&quot;px&quot;,&quot;size&quot;:&quot;&quot;,&quot;sizes&quot;:[]},&quot;_transform_translateY_effect_mobile&quot;:{&quot;unit&quot;:&quot;px&quot;,&quot;size&quot;:&quot;&quot;,&quot;sizes&quot;:[]}}\">\n\t\t<div class=\"elementor-element elementor-element-37006ac e-con-full elementor-hidden-tablet elementor-hidden-mobile e-flex e-con e-child\" data-id=\"37006ac\" data-element_type=\"container\">\n\t\t\t\t<div class=\"elementor-element elementor-element-c1def25 elementor-widget elementor-widget-text-editor\" data-id=\"c1def25\" data-element_type=\"widget\" data-widget_type=\"text-editor.default\">\n\t\t\t\t<div class=\"elementor-widget-container\">\n\t\t\t\t\t\t\t\t\t<p>Your Partner for reliable greenfuel brokerage<\/p>\t\t\t\t\t\t\t\t<\/div>\n\t\t\t\t<\/div>\n\t\t\t\t<\/div>\n\t\t\t\t<\/div>\n\t\t<div class=\"elementor-element elementor-element-86d0427 animated-fast e-flex e-con-boxed elementor-invisible e-con e-parent\" data-id=\"86d0427\" data-element_type=\"container\" data-settings=\"{&quot;animation&quot;:&quot;fadeIn&quot;,&quot;animation_mobile&quot;:&quot;fadeIn&quot;}\">\n\t\t\t\t\t<div class=\"e-con-inner\">\n\t\t\t\t<div class=\"elementor-element elementor-element-0fb8a49 elementor-widget elementor-widget-heading\" data-id=\"0fb8a49\" data-element_type=\"widget\" data-widget_type=\"heading.default\">\n\t\t\t\t<div class=\"elementor-widget-container\">\n\t\t\t\t\t<h2 class=\"elementor-heading-title elementor-size-default\">Our Service<\/h2>\t\t\t\t<\/div>\n\t\t\t\t<\/div>\n\t\t\t\t\t<\/div>\n\t\t\t\t<\/div>\n\t\t<div class=\"elementor-element elementor-element-021b21e animated-fast e-flex e-con-boxed elementor-invisible e-con e-parent\" data-id=\"021b21e\" data-element_type=\"container\" data-settings=\"{&quot;background_background&quot;:&quot;classic&quot;,&quot;animation&quot;:&quot;fadeIn&quot;}\">\n\t\t\t\t\t<div class=\"e-con-inner\">\n\t\t<div class=\"elementor-element elementor-element-321c7aa e-con-full e-flex e-con e-child\" data-id=\"321c7aa\" data-element_type=\"container\" data-settings=\"{&quot;background_background&quot;:&quot;gradient&quot;}\">\n\t\t\t\t<div class=\"elementor-element elementor-element-58a018d elementor-widget elementor-widget-heading\" data-id=\"58a018d\" data-element_type=\"widget\" data-widget_type=\"heading.default\">\n\t\t\t\t<div class=\"elementor-widget-container\">\n\t\t\t\t\t<h2 class=\"elementor-heading-title elementor-size-default\">For sellers<\/h2>\t\t\t\t<\/div>\n\t\t\t\t<\/div>\n\t\t\t\t<div class=\"elementor-element elementor-element-4bff0a4 elementor-widget elementor-widget-text-editor\" data-id=\"4bff0a4\" data-element_type=\"widget\" data-widget_type=\"text-editor.default\">\n\t\t\t\t<div class=\"elementor-widget-container\">\n\t\t\t\t\t\t\t\t\t<ul>\n<li>Fast and effective search for the ideal customer<\/li>\n<li>Customised marketing of your product, taking into account current market requirements<\/li>\n<li>Consultation on current regulatory requirements and individually required certification<\/li>\n<li>Continuous support before and after (physical) delivery of the product<\/li>\n<li>Establishment of long-term and sustainable partnerships<\/li>\n<\/ul>\t\t\t\t\t\t\t\t<\/div>\n\t\t\t\t<\/div>\n\t\t\t\t<\/div>\n\t\t<div class=\"elementor-element elementor-element-805d372 e-con-full e-flex e-con e-child\" data-id=\"805d372\" data-element_type=\"container\">\n\t\t\t\t<div class=\"elementor-element elementor-element-ffad6a6 elementor-widget elementor-widget-image\" data-id=\"ffad6a6\" data-element_type=\"widget\" data-widget_type=\"image.default\">\n\t\t\t\t<div class=\"elementor-widget-container\">\n\t\t\t\t\t\t\t\t\t\t\t\t\t\t\t<img fetchpriority=\"high\" decoding=\"async\" width=\"800\" height=\"688\" src=\"https:\/\/greenfuelpartners.com\/wp-content\/uploads\/Logo_Ansatz_v3-1024x880.png\" class=\"attachment-large size-large wp-image-4348\" alt=\"\" srcset=\"https:\/\/greenfuelpartners.com\/wp-content\/uploads\/Logo_Ansatz_v3-1024x880.png 1024w, https:\/\/greenfuelpartners.com\/wp-content\/uploads\/Logo_Ansatz_v3-300x258.png 300w, https:\/\/greenfuelpartners.com\/wp-content\/uploads\/Logo_Ansatz_v3-768x660.png 768w, https:\/\/greenfuelpartners.com\/wp-content\/uploads\/Logo_Ansatz_v3-14x12.png 14w, https:\/\/greenfuelpartners.com\/wp-content\/uploads\/Logo_Ansatz_v3.png 1036w\" sizes=\"(max-width: 800px) 100vw, 800px\" \/>\t\t\t\t\t\t\t\t\t\t\t\t\t\t\t<\/div>\n\t\t\t\t<\/div>\n\t\t\t\t<\/div>\n\t\t<div class=\"elementor-element elementor-element-ec2b3c1 e-con-full e-flex e-con e-child\" data-id=\"ec2b3c1\" data-element_type=\"container\" data-settings=\"{&quot;background_background&quot;:&quot;gradient&quot;}\">\n\t\t\t\t<div class=\"elementor-element elementor-element-9069950 elementor-widget elementor-widget-heading\" data-id=\"9069950\" data-element_type=\"widget\" data-widget_type=\"heading.default\">\n\t\t\t\t<div class=\"elementor-widget-container\">\n\t\t\t\t\t<h2 class=\"elementor-heading-title elementor-size-default\">For buyers<\/h2>\t\t\t\t<\/div>\n\t\t\t\t<\/div>\n\t\t\t\t<div class=\"elementor-element elementor-element-898c13e elementor-widget elementor-widget-text-editor\" data-id=\"898c13e\" data-element_type=\"widget\" data-widget_type=\"text-editor.default\">\n\t\t\t\t<div class=\"elementor-widget-container\">\n\t\t\t\t\t\t\t\t\t<ul><li aria-level=\"1\">Flexible, specific procurement and selection of the optimum supplier<\/li><li>Access to international markets in consideration of regulatory restrictions<\/li><li>Ensuring the individually required product quality including e.g. proof of sustainability<\/li><li>Coordination and, if necessary, adjustment of requirements to the current market situation<\/li><li>Establishment of long-term and sustainable partnerships<\/li><\/ul>\t\t\t\t\t\t\t\t<\/div>\n\t\t\t\t<\/div>\n\t\t\t\t<\/div>\n\t\t\t\t\t<\/div>\n\t\t\t\t<\/div>\n\t\t<div class=\"elementor-element elementor-element-796ac87 animated-fast e-flex e-con-boxed elementor-invisible e-con e-parent\" data-id=\"796ac87\" data-element_type=\"container\" data-settings=\"{&quot;background_background&quot;:&quot;classic&quot;,&quot;animation&quot;:&quot;fadeIn&quot;,&quot;animation_mobile&quot;:&quot;fadeIn&quot;}\">\n\t\t\t\t\t<div class=\"e-con-inner\">\n\t\t\t\t<div class=\"elementor-element elementor-element-ebfbd00 elementor-widget elementor-widget-text-editor\" data-id=\"ebfbd00\" data-element_type=\"widget\" data-widget_type=\"text-editor.default\">\n\t\t\t\t<div class=\"elementor-widget-container\">\n\t\t\t\t\t\t\t\t\t<p>As a broker for sustainable energy sources, we see it as our responsibility to make this market more efficient, transparent and accessible. Knowledge of the current market situation, regulatory changes and new challenges facing market participants is our top priority. We are convinced that this is the basis to optimise customer results. Therefore our brokerage approach  is divided into the 3 phases \"Market Insights\", \"Market Fit\" and \"Realisation\".<\/p>\t\t\t\t\t\t\t\t<\/div>\n\t\t\t\t<\/div>\n\t\t\t\t\t<\/div>\n\t\t\t\t<\/div>\n\t\t<div class=\"elementor-element elementor-element-9ec44c7 e-flex e-con-boxed elementor-invisible e-con e-parent\" data-id=\"9ec44c7\" data-element_type=\"container\" data-settings=\"{&quot;animation&quot;:&quot;fadeIn&quot;}\">\n\t\t\t\t\t<div class=\"e-con-inner\">\n\t\t<div class=\"elementor-element elementor-element-1691fc0 e-con-full e-flex e-con e-child\" data-id=\"1691fc0\" data-element_type=\"container\">\n\t\t\t\t<div class=\"elementor-element elementor-element-ebedaf1 elementor-widget elementor-widget-image\" data-id=\"ebedaf1\" data-element_type=\"widget\" data-widget_type=\"image.default\">\n\t\t\t\t<div class=\"elementor-widget-container\">\n\t\t\t\t\t\t\t\t\t\t\t\t\t\t\t<img decoding=\"async\" width=\"1426\" height=\"1146\" src=\"https:\/\/greenfuelpartners.com\/wp-content\/uploads\/Pyramide-EN.png\" class=\"attachment-full size-full wp-image-4588\" alt=\"\" srcset=\"https:\/\/greenfuelpartners.com\/wp-content\/uploads\/Pyramide-EN.png 1434w, https:\/\/greenfuelpartners.com\/wp-content\/uploads\/Pyramide-EN-300x240.png 300w, https:\/\/greenfuelpartners.com\/wp-content\/uploads\/Pyramide-EN-1024x820.png 1024w, https:\/\/greenfuelpartners.com\/wp-content\/uploads\/Pyramide-EN-768x615.png 768w, https:\/\/greenfuelpartners.com\/wp-content\/uploads\/Pyramide-EN-15x12.png 15w\" sizes=\"(max-width: 1426px) 100vw, 1426px\" \/>\t\t\t\t\t\t\t\t\t\t\t\t\t\t\t<\/div>\n\t\t\t\t<\/div>\n\t\t\t\t<\/div>\n\t\t\t\t\t<\/div>\n\t\t\t\t<\/div>\n\t\t<div class=\"elementor-element elementor-element-ce04241 e-flex e-con-boxed elementor-invisible e-con e-parent\" data-id=\"ce04241\" data-element_type=\"container\" data-settings=\"{&quot;background_background&quot;:&quot;classic&quot;,&quot;animation&quot;:&quot;fadeIn&quot;}\">\n\t\t\t\t\t<div class=\"e-con-inner\">\n\t\t\t\t<div class=\"elementor-element elementor-element-3a1d8d5 elementor-widget elementor-widget-heading\" data-id=\"3a1d8d5\" data-element_type=\"widget\" data-widget_type=\"heading.default\">\n\t\t\t\t<div class=\"elementor-widget-container\">\n\t\t\t\t\t<h2 class=\"elementor-heading-title elementor-size-default\">Efficient three-phase process<\/h2>\t\t\t\t<\/div>\n\t\t\t\t<\/div>\n\t\t\t\t\t<\/div>\n\t\t\t\t<\/div>\n\t\t<div class=\"elementor-element elementor-element-2f098cd e-flex e-con-boxed elementor-invisible e-con e-parent\" data-id=\"2f098cd\" data-element_type=\"container\" data-settings=\"{&quot;animation&quot;:&quot;fadeIn&quot;}\">\n\t\t\t\t\t<div class=\"e-con-inner\">\n\t\t<div class=\"elementor-element elementor-element-183e64d e-con-full e-flex e-con e-child\" data-id=\"183e64d\" data-element_type=\"container\" data-settings=\"{&quot;background_background&quot;:&quot;classic&quot;}\">\n\t\t<div class=\"elementor-element elementor-element-cebc83f e-con-full e-flex e-con e-child\" data-id=\"cebc83f\" data-element_type=\"container\" data-settings=\"{&quot;background_background&quot;:&quot;classic&quot;}\">\n\t\t\t\t<div class=\"elementor-element elementor-element-3c252fd elementor-widget elementor-widget-heading\" data-id=\"3c252fd\" data-element_type=\"widget\" data-widget_type=\"heading.default\">\n\t\t\t\t<div class=\"elementor-widget-container\">\n\t\t\t\t\t<h2 class=\"elementor-heading-title elementor-size-default\">Market Insights<\/h2>\t\t\t\t<\/div>\n\t\t\t\t<\/div>\n\t\t\t\t<div class=\"elementor-element elementor-element-fba4fa1 elementor-widget elementor-widget-text-editor\" data-id=\"fba4fa1\" data-element_type=\"widget\" data-widget_type=\"text-editor.default\">\n\t\t\t\t<div class=\"elementor-widget-container\">\n\t\t\t\t\t\t\t\t\t<p><strong>Transparent market situation<\/strong><\/p><h6>Based on individual customer requirements, we use real-time market information to select the appropriate brokerage approach and tailor it to the customer's needs. The right brokerage approach is important in order to take advantage of the current market dynamics.<\/h6><p><strong>Current price level<\/strong><\/p><h6>The given price level in the different markets sets the decisive framework conditions for the choice of brokerage approach and may lead to a joint optimisation of customer requirements.<\/h6><p><strong>Regulatory requirements<\/strong><\/p><h6>In particular, the constantly changing regulatory aspects at national and EU level leads to a highly dynamic market. A deep understanding and knowledge of upcoming changes is the basic prerequisite for us to be able to fully assess the market situation.<\/h6>\t\t\t\t\t\t\t\t<\/div>\n\t\t\t\t<\/div>\n\t\t\t\t<\/div>\n\t\t\t\t<div class=\"elementor-element elementor-element-26df2bc elementor-widget elementor-widget-image\" data-id=\"26df2bc\" data-element_type=\"widget\" data-widget_type=\"image.default\">\n\t\t\t\t<div class=\"elementor-widget-container\">\n\t\t\t\t\t\t\t\t\t\t\t\t\t\t\t<img decoding=\"async\" width=\"760\" height=\"333\" src=\"https:\/\/greenfuelpartners.com\/wp-content\/uploads\/Market-insight-color-e1756451086119.jpg\" class=\"attachment-medium_large size-medium_large wp-image-4578\" alt=\"\" srcset=\"https:\/\/greenfuelpartners.com\/wp-content\/uploads\/Market-insight-color-e1756451086119.jpg 760w, https:\/\/greenfuelpartners.com\/wp-content\/uploads\/Market-insight-color-e1756451086119-300x131.jpg 300w, https:\/\/greenfuelpartners.com\/wp-content\/uploads\/Market-insight-color-e1756451086119-18x8.jpg 18w\" sizes=\"(max-width: 760px) 100vw, 760px\" \/>\t\t\t\t\t\t\t\t\t\t\t\t\t\t\t<\/div>\n\t\t\t\t<\/div>\n\t\t\t\t<\/div>\n\t\t<div class=\"elementor-element elementor-element-00d971b e-con-full e-flex e-con e-child\" data-id=\"00d971b\" data-element_type=\"container\" data-settings=\"{&quot;background_background&quot;:&quot;classic&quot;}\">\n\t\t<div class=\"elementor-element elementor-element-4fa7aad e-con-full e-flex e-con e-child\" data-id=\"4fa7aad\" data-element_type=\"container\">\n\t\t\t\t<div class=\"elementor-element elementor-element-a919d5c elementor-widget elementor-widget-heading\" data-id=\"a919d5c\" data-element_type=\"widget\" data-widget_type=\"heading.default\">\n\t\t\t\t<div class=\"elementor-widget-container\">\n\t\t\t\t\t<h2 class=\"elementor-heading-title elementor-size-default\">Market Fit<\/h2>\t\t\t\t<\/div>\n\t\t\t\t<\/div>\n\t\t\t\t<div class=\"elementor-element elementor-element-8655a6c elementor-widget elementor-widget-text-editor\" data-id=\"8655a6c\" data-element_type=\"widget\" data-widget_type=\"text-editor.default\">\n\t\t\t\t<div class=\"elementor-widget-container\">\n\t\t\t\t\t\t\t\t\t<p><strong>International network<\/strong><\/p><h6>The search for the optimal partner on the market is initiated on the basis of the validated customer requirements and approach, which may have been optimised for the market. The national and international network of greenfuelpartners enables broad access to the market.\u00a0<\/h6><p><strong>Fast matching<\/strong><\/p><h6>Thanks to our continuous activity in the market and the system-supported creation of forecasts, we are able to recognise current market requirements. In this way, we ensure fast matching to the customer requirements.\u00a0<\/h6><p><strong>Individual requirements<\/strong><\/p><h6>When buying and selling energy sources or certificates, the focus is initially on volume, price and delivery conditions. However, the other parameters should not be neglected either. These can include quality standards (e.g. ISCC\/REDcert), CI score, origin, feedstock used and others.\u00a0<\/h6>\t\t\t\t\t\t\t\t<\/div>\n\t\t\t\t<\/div>\n\t\t\t\t<\/div>\n\t\t\t\t<div class=\"elementor-element elementor-element-8069f15 elementor-widget elementor-widget-image\" data-id=\"8069f15\" data-element_type=\"widget\" data-widget_type=\"image.default\">\n\t\t\t\t<div class=\"elementor-widget-container\">\n\t\t\t\t\t\t\t\t\t\t\t\t\t\t\t<img loading=\"lazy\" decoding=\"async\" width=\"800\" height=\"350\" src=\"https:\/\/greenfuelpartners.com\/wp-content\/uploads\/Process-color-e1756451184700-1024x448.png\" class=\"attachment-large size-large wp-image-4583\" alt=\"\" srcset=\"https:\/\/greenfuelpartners.com\/wp-content\/uploads\/Process-color-e1756451184700-1024x448.png 1024w, https:\/\/greenfuelpartners.com\/wp-content\/uploads\/Process-color-e1756451184700-300x131.png 300w, https:\/\/greenfuelpartners.com\/wp-content\/uploads\/Process-color-e1756451184700-768x336.png 768w, https:\/\/greenfuelpartners.com\/wp-content\/uploads\/Process-color-e1756451184700-18x8.png 18w, https:\/\/greenfuelpartners.com\/wp-content\/uploads\/Process-color-e1756451184700.png 1119w\" sizes=\"(max-width: 800px) 100vw, 800px\" \/>\t\t\t\t\t\t\t\t\t\t\t\t\t\t\t<\/div>\n\t\t\t\t<\/div>\n\t\t\t\t<\/div>\n\t\t<div class=\"elementor-element elementor-element-c9737d9 e-con-full e-flex e-con e-child\" data-id=\"c9737d9\" data-element_type=\"container\" data-settings=\"{&quot;background_background&quot;:&quot;classic&quot;}\">\n\t\t<div class=\"elementor-element elementor-element-214d24d e-con-full e-flex e-con e-child\" data-id=\"214d24d\" data-element_type=\"container\">\n\t\t\t\t<div class=\"elementor-element elementor-element-ef3b3a0 elementor-widget elementor-widget-heading\" data-id=\"ef3b3a0\" data-element_type=\"widget\" data-widget_type=\"heading.default\">\n\t\t\t\t<div class=\"elementor-widget-container\">\n\t\t\t\t\t<h2 class=\"elementor-heading-title elementor-size-default\">Execution<\/h2>\t\t\t\t<\/div>\n\t\t\t\t<\/div>\n\t\t\t\t<div class=\"elementor-element elementor-element-b759b2f elementor-widget elementor-widget-text-editor\" data-id=\"b759b2f\" data-element_type=\"widget\" data-widget_type=\"text-editor.default\">\n\t\t\t\t<div class=\"elementor-widget-container\">\n\t\t\t\t\t\t\t\t\t<p><strong>Efficient processing<\/strong><\/p><h6>Through a standardised and proven process, we create an efficient procedure for handling the deal between seller and buyer. We support the creation and finalisation of delivery conditions and guarantee immediate and permanent availability.<\/h6><p><strong>Continuous support<\/strong><\/p><h6>During the processing period, we ensure that all parties comply with the contractually agreed conditions, such as delivery terms or product quality. Any content-related ambiguities, collaborative or communicative complications are taken on board to find a fast solution.<\/h6><p><strong>Secured success<\/strong><\/p><h6>The successful realisation of customer requirements is our top priority. We are convinced of our added value, which is why we only charge for our services when the product has been finalised and paid for by the seller and buyer.<\/h6>\t\t\t\t\t\t\t\t<\/div>\n\t\t\t\t<\/div>\n\t\t\t\t<\/div>\n\t\t\t\t<div class=\"elementor-element elementor-element-20a036f elementor-widget elementor-widget-image\" data-id=\"20a036f\" data-element_type=\"widget\" data-widget_type=\"image.default\">\n\t\t\t\t<div class=\"elementor-widget-container\">\n\t\t\t\t\t\t\t\t\t\t\t\t\t\t\t<img loading=\"lazy\" decoding=\"async\" width=\"679\" height=\"296\" src=\"https:\/\/greenfuelpartners.com\/wp-content\/uploads\/Einstellungen-color-e1756451237460.jpg\" class=\"attachment-medium_large size-medium_large wp-image-4584\" alt=\"\" srcset=\"https:\/\/greenfuelpartners.com\/wp-content\/uploads\/Einstellungen-color-e1756451237460.jpg 679w, https:\/\/greenfuelpartners.com\/wp-content\/uploads\/Einstellungen-color-e1756451237460-300x131.jpg 300w, https:\/\/greenfuelpartners.com\/wp-content\/uploads\/Einstellungen-color-e1756451237460-18x8.jpg 18w\" sizes=\"(max-width: 679px) 100vw, 679px\" \/>\t\t\t\t\t\t\t\t\t\t\t\t\t\t\t<\/div>\n\t\t\t\t<\/div>\n\t\t\t\t<\/div>\n\t\t\t\t\t<\/div>\n\t\t\t\t<\/div>\n\t\t<div class=\"elementor-element elementor-element-276dab7 e-flex e-con-boxed elementor-invisible e-con e-parent\" data-id=\"276dab7\" data-element_type=\"container\" data-settings=\"{&quot;animation&quot;:&quot;fadeIn&quot;}\">\n\t\t\t\t\t<div class=\"e-con-inner\">\n\t\t\t\t<div class=\"elementor-element elementor-element-a0efa42 elementor-widget elementor-widget-button\" data-id=\"a0efa42\" data-element_type=\"widget\" data-widget_type=\"button.default\">\n\t\t\t\t<div class=\"elementor-widget-container\">\n\t\t\t\t\t\t\t\t\t<div class=\"elementor-button-wrapper\">\n\t\t\t\t\t<a class=\"elementor-button elementor-button-link elementor-size-sm\" href=\"https:\/\/greenfuelpartners.com\/en\/kontakt\/\">\n\t\t\t\t\t\t<span class=\"elementor-button-content-wrapper\">\n\t\t\t\t\t\t\t\t\t<span class=\"elementor-button-text\">Contact us!<\/span>\n\t\t\t\t\t<\/span>\n\t\t\t\t\t<\/a>\n\t\t\t\t<\/div>\n\t\t\t\t\t\t\t\t<\/div>\n\t\t\t\t<\/div>\n\t\t\t\t\t<\/div>\n\t\t\t\t<\/div>\n\t\t\t\t<\/div>","protected":false},"excerpt":{"rendered":"<p>Your Partner for reliable greenfuel brokerage Unser Service F\u00fcr Verk\u00e4ufer Schnelle und effektive Suche nach dem optimalen Abnehmer Individuelle Vermarktung Ihres Produkts unter Ber\u00fccksichtigung aktueller Marktanforderungen Beratung zu aktuellen regulatorischen Anforderungen und individuell notwendiger Zertifizierung Durchgehende Betreuung vor und nach der (physischen) Auslieferung des Produkts Etablierung von langfristigen und nachhaltigen Partnerschaften F\u00fcr K\u00e4ufer Flexible, gezielte [&hellip;]<\/p>","protected":false},"author":1,"featured_media":0,"parent":0,"menu_order":0,"comment_status":"closed","ping_status":"closed","template":"","meta":{"footnotes":""},"class_list":["post-841","page","type-page","status-publish","hentry"],"_hostinger_reach_plugin_has_subscription_block":false,"_hostinger_reach_plugin_is_elementor":false,"_links":{"self":[{"href":"https:\/\/greenfuelpartners.com\/en\/wp-json\/wp\/v2\/pages\/841","targetHints":{"allow":["GET"]}}],"collection":[{"href":"https:\/\/greenfuelpartners.com\/en\/wp-json\/wp\/v2\/pages"}],"about":[{"href":"https:\/\/greenfuelpartners.com\/en\/wp-json\/wp\/v2\/types\/page"}],"author":[{"embeddable":true,"href":"https:\/\/greenfuelpartners.com\/en\/wp-json\/wp\/v2\/users\/1"}],"replies":[{"embeddable":true,"href":"https:\/\/greenfuelpartners.com\/en\/wp-json\/wp\/v2\/comments?post=841"}],"version-history":[{"count":195,"href":"https:\/\/greenfuelpartners.com\/en\/wp-json\/wp\/v2\/pages\/841\/revisions"}],"predecessor-version":[{"id":4591,"href":"https:\/\/greenfuelpartners.com\/en\/wp-json\/wp\/v2\/pages\/841\/revisions\/4591"}],"wp:attachment":[{"href":"https:\/\/greenfuelpartners.com\/en\/wp-json\/wp\/v2\/media?parent=841"}],"curies":[{"name":"wp","href":"https:\/\/api.w.org\/{rel}","templated":true}]}}