{"id":12,"date":"2024-01-24T11:35:35","date_gmt":"2024-01-24T10:35:35","guid":{"rendered":"https:\/\/greenfuelpartners.com\/?page_id=12"},"modified":"2025-08-28T11:24:31","modified_gmt":"2025-08-28T09:24:31","slug":"ueber-uns","status":"publish","type":"page","link":"https:\/\/greenfuelpartners.com\/en\/ueber-uns\/","title":{"rendered":"About us"},"content":{"rendered":"<div data-elementor-type=\"wp-page\" data-elementor-id=\"12\" class=\"elementor elementor-12\" data-elementor-post-type=\"page\">\n\t\t\t\t<div class=\"elementor-element elementor-element-af65d5f e-con-full e-transform e-flex e-con e-parent\" data-id=\"af65d5f\" data-element_type=\"container\" data-settings=\"{&quot;background_background&quot;:&quot;classic&quot;,&quot;_transform_translateX_effect_tablet&quot;:{&quot;unit&quot;:&quot;px&quot;,&quot;size&quot;:0,&quot;sizes&quot;:[]},&quot;_transform_translateX_effect&quot;:{&quot;unit&quot;:&quot;px&quot;,&quot;size&quot;:&quot;&quot;,&quot;sizes&quot;:[]},&quot;_transform_translateX_effect_laptop&quot;:{&quot;unit&quot;:&quot;px&quot;,&quot;size&quot;:&quot;&quot;,&quot;sizes&quot;:[]},&quot;_transform_translateX_effect_tablet_extra&quot;:{&quot;unit&quot;:&quot;px&quot;,&quot;size&quot;:&quot;&quot;,&quot;sizes&quot;:[]},&quot;_transform_translateX_effect_mobile&quot;:{&quot;unit&quot;:&quot;px&quot;,&quot;size&quot;:&quot;&quot;,&quot;sizes&quot;:[]},&quot;_transform_translateY_effect&quot;:{&quot;unit&quot;:&quot;px&quot;,&quot;size&quot;:&quot;&quot;,&quot;sizes&quot;:[]},&quot;_transform_translateY_effect_laptop&quot;:{&quot;unit&quot;:&quot;px&quot;,&quot;size&quot;:&quot;&quot;,&quot;sizes&quot;:[]},&quot;_transform_translateY_effect_tablet_extra&quot;:{&quot;unit&quot;:&quot;px&quot;,&quot;size&quot;:&quot;&quot;,&quot;sizes&quot;:[]},&quot;_transform_translateY_effect_tablet&quot;:{&quot;unit&quot;:&quot;px&quot;,&quot;size&quot;:&quot;&quot;,&quot;sizes&quot;:[]},&quot;_transform_translateY_effect_mobile&quot;:{&quot;unit&quot;:&quot;px&quot;,&quot;size&quot;:&quot;&quot;,&quot;sizes&quot;:[]}}\">\n\t\t<div class=\"elementor-element elementor-element-b9ab1ea e-con-full e-flex e-con e-child\" data-id=\"b9ab1ea\" data-element_type=\"container\" data-settings=\"{&quot;background_background&quot;:&quot;classic&quot;}\">\n\t\t\t\t<div class=\"elementor-element elementor-element-e68605d elementor-widget elementor-widget-text-editor\" data-id=\"e68605d\" data-element_type=\"widget\" data-widget_type=\"text-editor.default\">\n\t\t\t\t<div class=\"elementor-widget-container\">\n\t\t\t\t\t\t\t\t\t<p>Your Partner for reliable greenfuel brokerage<\/p>\t\t\t\t\t\t\t\t<\/div>\n\t\t\t\t<\/div>\n\t\t\t\t<\/div>\n\t\t\t\t<\/div>\n\t\t<div class=\"elementor-element elementor-element-581c326 e-flex e-con-boxed elementor-invisible e-con e-parent\" data-id=\"581c326\" data-element_type=\"container\" data-settings=\"{&quot;animation&quot;:&quot;fadeIn&quot;}\">\n\t\t\t\t\t<div class=\"e-con-inner\">\n\t\t\t\t<div class=\"elementor-element elementor-element-e6544ab elementor-widget elementor-widget-heading\" data-id=\"e6544ab\" data-element_type=\"widget\" data-widget_type=\"heading.default\">\n\t\t\t\t<div class=\"elementor-widget-container\">\n\t\t\t\t\t<h2 class=\"elementor-heading-title elementor-size-default\">About us<\/h2>\t\t\t\t<\/div>\n\t\t\t\t<\/div>\n\t\t\t\t\t<\/div>\n\t\t\t\t<\/div>\n\t\t<div class=\"elementor-element elementor-element-85c64c4 e-flex e-con-boxed elementor-invisible e-con e-parent\" data-id=\"85c64c4\" data-element_type=\"container\" data-settings=\"{&quot;background_background&quot;:&quot;classic&quot;,&quot;animation&quot;:&quot;fadeIn&quot;}\">\n\t\t\t\t\t<div class=\"e-con-inner\">\n\t\t<div class=\"elementor-element elementor-element-38f2a90 e-con-full e-flex e-con e-child\" data-id=\"38f2a90\" data-element_type=\"container\" data-settings=\"{&quot;background_background&quot;:&quot;classic&quot;}\">\n\t\t\t\t<div class=\"elementor-element elementor-element-e51c3eb elementor-widget elementor-widget-text-editor\" data-id=\"e51c3eb\" data-element_type=\"widget\" data-widget_type=\"text-editor.default\">\n\t\t\t\t<div class=\"elementor-widget-container\">\n\t\t\t\t\t\t\t\t\t<p><strong>Linking Opportunities &#8211;<\/strong>\u00a0New paths to success in times of permanent change<\/p>\t\t\t\t\t\t\t\t<\/div>\n\t\t\t\t<\/div>\n\t\t\t\t<\/div>\n\t\t\t\t\t<\/div>\n\t\t\t\t<\/div>\n\t\t<div class=\"elementor-element elementor-element-993e175 e-flex e-con-boxed elementor-invisible e-con e-parent\" data-id=\"993e175\" data-element_type=\"container\" data-settings=\"{&quot;background_background&quot;:&quot;classic&quot;,&quot;animation&quot;:&quot;fadeIn&quot;}\">\n\t\t\t\t\t<div class=\"e-con-inner\">\n\t\t\t\t<div class=\"elementor-element elementor-element-dc829cc elementor-widget elementor-widget-text-editor\" data-id=\"dc829cc\" data-element_type=\"widget\" data-widget_type=\"text-editor.default\">\n\t\t\t\t<div class=\"elementor-widget-container\">\n\t\t\t\t\t\t\t\t\t<p>As a broker in the bioenergy market, greenfuelpartners creates transparency and supports the development of reliable partnerships in an increasingly opaque market environment. For us, the basis for successful cooperation is formed by our corporate guidelines of efficiency, transparency and reliability.<\/p>\t\t\t\t\t\t\t\t<\/div>\n\t\t\t\t<\/div>\n\t\t\t\t\t<\/div>\n\t\t\t\t<\/div>\n\t\t<div class=\"elementor-element elementor-element-65eeca6 elementor-hidden-mobile e-flex e-con-boxed elementor-invisible e-con e-parent\" data-id=\"65eeca6\" data-element_type=\"container\" data-settings=\"{&quot;background_background&quot;:&quot;classic&quot;,&quot;animation&quot;:&quot;fadeIn&quot;}\">\n\t\t\t\t\t<div class=\"e-con-inner\">\n\t\t\t\t<div class=\"elementor-element elementor-element-1605701 elementor-widget elementor-widget-image\" data-id=\"1605701\" data-element_type=\"widget\" data-widget_type=\"image.default\">\n\t\t\t\t<div class=\"elementor-widget-container\">\n\t\t\t\t\t\t\t\t\t\t\t\t\t\t\t<img fetchpriority=\"high\" decoding=\"async\" width=\"2946\" height=\"647\" src=\"https:\/\/greenfuelpartners.com\/wp-content\/uploads\/Ueber-uns-Bild_en.png\" class=\"attachment-full size-full wp-image-3297\" alt=\"\" srcset=\"https:\/\/greenfuelpartners.com\/wp-content\/uploads\/Ueber-uns-Bild_en.png 2932w, https:\/\/greenfuelpartners.com\/wp-content\/uploads\/Ueber-uns-Bild_en-300x66.png 300w, https:\/\/greenfuelpartners.com\/wp-content\/uploads\/Ueber-uns-Bild_en-1024x226.png 1024w, https:\/\/greenfuelpartners.com\/wp-content\/uploads\/Ueber-uns-Bild_en-768x169.png 768w, https:\/\/greenfuelpartners.com\/wp-content\/uploads\/Ueber-uns-Bild_en-1536x339.png 1536w, https:\/\/greenfuelpartners.com\/wp-content\/uploads\/Ueber-uns-Bild_en-2048x452.png 2048w, https:\/\/greenfuelpartners.com\/wp-content\/uploads\/Ueber-uns-Bild_en-18x4.png 18w\" sizes=\"(max-width: 2946px) 100vw, 2946px\" \/>\t\t\t\t\t\t\t\t\t\t\t\t\t\t\t<\/div>\n\t\t\t\t<\/div>\n\t\t\t\t\t<\/div>\n\t\t\t\t<\/div>\n\t\t<div class=\"elementor-element elementor-element-8275cea e-flex e-con-boxed elementor-invisible e-con e-parent\" data-id=\"8275cea\" data-element_type=\"container\" data-settings=\"{&quot;animation&quot;:&quot;fadeIn&quot;}\">\n\t\t\t\t\t<div class=\"e-con-inner\">\n\t\t<div class=\"elementor-element elementor-element-c421f0f e-con-full e-flex e-con e-child\" data-id=\"c421f0f\" data-element_type=\"container\" data-settings=\"{&quot;background_background&quot;:&quot;classic&quot;}\">\n\t\t<div class=\"elementor-element elementor-element-56bb362 e-con-full e-flex e-con e-child\" data-id=\"56bb362\" data-element_type=\"container\" data-settings=\"{&quot;background_background&quot;:&quot;classic&quot;}\">\n\t\t\t\t<div class=\"elementor-element elementor-element-670815e elementor-widget elementor-widget-heading\" data-id=\"670815e\" data-element_type=\"widget\" data-widget_type=\"heading.default\">\n\t\t\t\t<div class=\"elementor-widget-container\">\n\t\t\t\t\t<h2 class=\"elementor-heading-title elementor-size-default\">Efficiency<\/h2>\t\t\t\t<\/div>\n\t\t\t\t<\/div>\n\t\t\t\t<div class=\"elementor-element elementor-element-3844ca1 elementor-widget elementor-widget-text-editor\" data-id=\"3844ca1\" data-element_type=\"widget\" data-widget_type=\"text-editor.default\">\n\t\t\t\t<div class=\"elementor-widget-container\">\n\t\t\t\t\t\t\t\t\t<p>Due to a standardised and proven process, we ensure an efficient procedure from the initial customer requirements through to successful implementation on the market. With our international network in the various markets, we are able to extend the scope of action and efficiently find the right solutions for you. Our market and product expertise helps us to recognise potential risks at an early stage and incorporate them into the decision-making process.<\/p>\t\t\t\t\t\t\t\t<\/div>\n\t\t\t\t<\/div>\n\t\t\t\t<\/div>\n\t\t\t\t<div class=\"elementor-element elementor-element-7bb5164 elementor-widget elementor-widget-image\" data-id=\"7bb5164\" data-element_type=\"widget\" data-widget_type=\"image.default\">\n\t\t\t\t<div class=\"elementor-widget-container\">\n\t\t\t\t\t\t\t\t\t\t\t\t\t\t\t<img decoding=\"async\" width=\"300\" height=\"300\" src=\"https:\/\/greenfuelpartners.com\/wp-content\/uploads\/Efficiency.png\" class=\"attachment-large size-large wp-image-4545\" alt=\"\" srcset=\"https:\/\/greenfuelpartners.com\/wp-content\/uploads\/Efficiency.png 300w, https:\/\/greenfuelpartners.com\/wp-content\/uploads\/Efficiency-150x150.png 150w, https:\/\/greenfuelpartners.com\/wp-content\/uploads\/Efficiency-12x12.png 12w\" sizes=\"(max-width: 300px) 100vw, 300px\" \/>\t\t\t\t\t\t\t\t\t\t\t\t\t\t\t<\/div>\n\t\t\t\t<\/div>\n\t\t\t\t<\/div>\n\t\t<div class=\"elementor-element elementor-element-f892277 e-con-full e-flex e-con e-child\" data-id=\"f892277\" data-element_type=\"container\" data-settings=\"{&quot;background_background&quot;:&quot;classic&quot;}\">\n\t\t<div class=\"elementor-element elementor-element-81c46c0 e-con-full e-flex e-con e-child\" data-id=\"81c46c0\" data-element_type=\"container\">\n\t\t\t\t<div class=\"elementor-element elementor-element-6291823 elementor-widget elementor-widget-heading\" data-id=\"6291823\" data-element_type=\"widget\" data-widget_type=\"heading.default\">\n\t\t\t\t<div class=\"elementor-widget-container\">\n\t\t\t\t\t<h2 class=\"elementor-heading-title elementor-size-default\">Transparency<\/h2>\t\t\t\t<\/div>\n\t\t\t\t<\/div>\n\t\t\t\t<div class=\"elementor-element elementor-element-a827269 elementor-widget elementor-widget-text-editor\" data-id=\"a827269\" data-element_type=\"widget\" data-widget_type=\"text-editor.default\">\n\t\t\t\t<div class=\"elementor-widget-container\">\n\t\t\t\t\t\t\t\t\t<p>Creating market transparency is of central importance to us. We rely on the open exchange of knowledge and use advanced technologies to analyse data in order to guarantee this on an ongoing basis. We help you to keep up to date with the latest legal requirements, new market dynamics and price indications. In this way, we are able to make well-founded decisions and always stay one step ahead.<\/p>\t\t\t\t\t\t\t\t<\/div>\n\t\t\t\t<\/div>\n\t\t\t\t<\/div>\n\t\t\t\t<div class=\"elementor-element elementor-element-272f9dd elementor-widget elementor-widget-image\" data-id=\"272f9dd\" data-element_type=\"widget\" data-widget_type=\"image.default\">\n\t\t\t\t<div class=\"elementor-widget-container\">\n\t\t\t\t\t\t\t\t\t\t\t\t\t\t\t<img decoding=\"async\" width=\"299\" height=\"299\" src=\"https:\/\/greenfuelpartners.com\/wp-content\/uploads\/2024\/09\/Transparenz-e1727182927735.png\" class=\"attachment-large size-large wp-image-3148\" alt=\"\" srcset=\"https:\/\/greenfuelpartners.com\/wp-content\/uploads\/2024\/09\/Transparenz-e1727182927735.png 299w, https:\/\/greenfuelpartners.com\/wp-content\/uploads\/2024\/09\/Transparenz-e1727182927735-150x150.png 150w, https:\/\/greenfuelpartners.com\/wp-content\/uploads\/2024\/09\/Transparenz-e1727182927735-12x12.png 12w\" sizes=\"(max-width: 299px) 100vw, 299px\" \/>\t\t\t\t\t\t\t\t\t\t\t\t\t\t\t<\/div>\n\t\t\t\t<\/div>\n\t\t\t\t<\/div>\n\t\t<div class=\"elementor-element elementor-element-b0385a7 e-con-full e-flex e-con e-child\" data-id=\"b0385a7\" data-element_type=\"container\" data-settings=\"{&quot;background_background&quot;:&quot;classic&quot;}\">\n\t\t<div class=\"elementor-element elementor-element-38593d5 e-con-full e-flex e-con e-child\" data-id=\"38593d5\" data-element_type=\"container\">\n\t\t\t\t<div class=\"elementor-element elementor-element-ecca14c elementor-widget elementor-widget-heading\" data-id=\"ecca14c\" data-element_type=\"widget\" data-widget_type=\"heading.default\">\n\t\t\t\t<div class=\"elementor-widget-container\">\n\t\t\t\t\t<h2 class=\"elementor-heading-title elementor-size-default\">Reliability<\/h2>\t\t\t\t<\/div>\n\t\t\t\t<\/div>\n\t\t\t\t<div class=\"elementor-element elementor-element-8430fea elementor-widget elementor-widget-text-editor\" data-id=\"8430fea\" data-element_type=\"widget\" data-widget_type=\"text-editor.default\">\n\t\t\t\t<div class=\"elementor-widget-container\">\n\t\t\t\t\t\t\t\t\t<p>For us, reliability is the basis of a long-term and successful business relationship. To achieve this, we work according to clear quality standards, ensure transparent communication in all areas, guarantee our availability without restrictions and react quickly and flexibly to new market requirements. As a company that acts independently and with integrity, we are there for you as our customer to find the optimum solution.<\/p>\t\t\t\t\t\t\t\t<\/div>\n\t\t\t\t<\/div>\n\t\t\t\t<\/div>\n\t\t\t\t<div class=\"elementor-element elementor-element-5f08c66 elementor-widget elementor-widget-image\" data-id=\"5f08c66\" data-element_type=\"widget\" data-widget_type=\"image.default\">\n\t\t\t\t<div class=\"elementor-widget-container\">\n\t\t\t\t\t\t\t\t\t\t\t\t\t\t\t<img loading=\"lazy\" decoding=\"async\" width=\"298\" height=\"299\" src=\"https:\/\/greenfuelpartners.com\/wp-content\/uploads\/2024\/09\/Zuverlaessigkeit-e1727182961630.png\" class=\"attachment-large size-large wp-image-3149\" alt=\"\" \/>\t\t\t\t\t\t\t\t\t\t\t\t\t\t\t<\/div>\n\t\t\t\t<\/div>\n\t\t\t\t<\/div>\n\t\t\t\t\t<\/div>\n\t\t\t\t<\/div>\n\t\t<div class=\"elementor-element elementor-element-424badf e-flex e-con-boxed elementor-invisible e-con e-child\" data-id=\"424badf\" data-element_type=\"container\" data-settings=\"{&quot;background_background&quot;:&quot;classic&quot;,&quot;animation&quot;:&quot;fadeIn&quot;}\">\n\t\t\t\t\t<div class=\"e-con-inner\">\n\t\t<div class=\"elementor-element elementor-element-793f104 e-con-full e-flex e-con e-child\" data-id=\"793f104\" data-element_type=\"container\">\n\t\t<div class=\"elementor-element elementor-element-3d96420 e-con-full e-flex e-con e-child\" data-id=\"3d96420\" data-element_type=\"container\">\n\t\t\t\t<div class=\"elementor-element elementor-element-033caa8 elementor-widget elementor-widget-image\" data-id=\"033caa8\" data-element_type=\"widget\" data-widget_type=\"image.default\">\n\t\t\t\t<div class=\"elementor-widget-container\">\n\t\t\t\t\t\t\t\t\t\t\t\t\t\t\t<img loading=\"lazy\" decoding=\"async\" width=\"800\" height=\"800\" src=\"https:\/\/greenfuelpartners.com\/wp-content\/uploads\/2024\/09\/Flo-1024x1024.webp\" class=\"attachment-large size-large wp-image-2194\" alt=\"\" srcset=\"https:\/\/greenfuelpartners.com\/wp-content\/uploads\/2024\/09\/Flo-1024x1024.webp 1024w, https:\/\/greenfuelpartners.com\/wp-content\/uploads\/2024\/09\/Flo-e1729169959904-300x300.webp 300w, https:\/\/greenfuelpartners.com\/wp-content\/uploads\/2024\/09\/Flo-e1729169959904-150x150.webp 150w, https:\/\/greenfuelpartners.com\/wp-content\/uploads\/2024\/09\/Flo-e1729169959904-768x768.webp 768w, https:\/\/greenfuelpartners.com\/wp-content\/uploads\/2024\/09\/Flo-e1729169959904-12x12.webp 12w, https:\/\/greenfuelpartners.com\/wp-content\/uploads\/2024\/09\/Flo-e1729169959904.webp 975w\" sizes=\"(max-width: 800px) 100vw, 800px\" \/>\t\t\t\t\t\t\t\t\t\t\t\t\t\t\t<\/div>\n\t\t\t\t<\/div>\n\t\t\t\t<\/div>\n\t\t<div class=\"elementor-element elementor-element-d58aefd e-con-full e-flex e-con e-child\" data-id=\"d58aefd\" data-element_type=\"container\">\n\t\t\t\t<div class=\"elementor-element elementor-element-9eb0bc9 elementor-widget elementor-widget-heading\" data-id=\"9eb0bc9\" data-element_type=\"widget\" data-widget_type=\"heading.default\">\n\t\t\t\t<div class=\"elementor-widget-container\">\n\t\t\t\t\t<h2 class=\"elementor-heading-title elementor-size-default\">Florian Hupfauf<\/h2>\t\t\t\t<\/div>\n\t\t\t\t<\/div>\n\t\t\t\t<div class=\"elementor-element elementor-element-341bd4f elementor-widget elementor-widget-text-editor\" data-id=\"341bd4f\" data-element_type=\"widget\" data-widget_type=\"text-editor.default\">\n\t\t\t\t<div class=\"elementor-widget-container\">\n\t\t\t\t\t\t\t\t\t<p>florian.hupfauf@greenfuelpartners.com<\/p><p>+49 177 2275684<\/p>\t\t\t\t\t\t\t\t<\/div>\n\t\t\t\t<\/div>\n\t\t\t\t<\/div>\n\t\t\t\t<\/div>\n\t\t<div class=\"elementor-element elementor-element-f620fab e-con-full e-flex e-con e-child\" data-id=\"f620fab\" data-element_type=\"container\">\n\t\t<div class=\"elementor-element elementor-element-f3d32c6 e-con-full e-flex e-con e-child\" data-id=\"f3d32c6\" data-element_type=\"container\">\n\t\t\t\t<div class=\"elementor-element elementor-element-72a692e elementor-widget elementor-widget-image\" data-id=\"72a692e\" data-element_type=\"widget\" data-widget_type=\"image.default\">\n\t\t\t\t<div class=\"elementor-widget-container\">\n\t\t\t\t\t\t\t\t\t\t\t\t\t\t\t<img loading=\"lazy\" decoding=\"async\" width=\"800\" height=\"800\" src=\"https:\/\/greenfuelpartners.com\/wp-content\/uploads\/GF_v2-e1729879993753.png\" class=\"attachment-large size-large wp-image-4448\" alt=\"\" srcset=\"https:\/\/greenfuelpartners.com\/wp-content\/uploads\/GF_v2-e1729879993753.png 819w, https:\/\/greenfuelpartners.com\/wp-content\/uploads\/GF_v2-e1729879993753-300x300.png 300w, https:\/\/greenfuelpartners.com\/wp-content\/uploads\/GF_v2-e1729879993753-150x150.png 150w, https:\/\/greenfuelpartners.com\/wp-content\/uploads\/GF_v2-e1729879993753-768x768.png 768w, https:\/\/greenfuelpartners.com\/wp-content\/uploads\/GF_v2-e1729879993753-12x12.png 12w\" sizes=\"(max-width: 800px) 100vw, 800px\" \/>\t\t\t\t\t\t\t\t\t\t\t\t\t\t\t<\/div>\n\t\t\t\t<\/div>\n\t\t\t\t<\/div>\n\t\t<div class=\"elementor-element elementor-element-257a034 e-con-full e-flex e-con e-child\" data-id=\"257a034\" data-element_type=\"container\">\n\t\t\t\t<div class=\"elementor-element elementor-element-bc7cd1d elementor-widget elementor-widget-heading\" data-id=\"bc7cd1d\" data-element_type=\"widget\" data-widget_type=\"heading.default\">\n\t\t\t\t<div class=\"elementor-widget-container\">\n\t\t\t\t\t<h2 class=\"elementor-heading-title elementor-size-default\">Tobias Bl\u00fccher<\/h2>\t\t\t\t<\/div>\n\t\t\t\t<\/div>\n\t\t\t\t<div class=\"elementor-element elementor-element-86f79e3 elementor-widget elementor-widget-text-editor\" data-id=\"86f79e3\" data-element_type=\"widget\" data-widget_type=\"text-editor.default\">\n\t\t\t\t<div class=\"elementor-widget-container\">\n\t\t\t\t\t\t\t\t\t<p>tobias.bluecher@greenfuelpartners.com<\/p><p>+49 <span data-teams=\"true\"><span class=\"ui-provider a b c d e f g h i j k l m n o p q r s t u v w x y z ab ac ae af ag ah ai aj ak\" dir=\"ltr\">176 41077886<\/span><\/span><\/p>\t\t\t\t\t\t\t\t<\/div>\n\t\t\t\t<\/div>\n\t\t\t\t<\/div>\n\t\t\t\t<\/div>\n\t\t\t\t\t<\/div>\n\t\t\t\t<\/div>\n\t\t<div class=\"elementor-element elementor-element-f1e1783 e-flex e-con-boxed elementor-invisible e-con e-parent\" data-id=\"f1e1783\" data-element_type=\"container\" data-settings=\"{&quot;animation&quot;:&quot;fadeIn&quot;}\">\n\t\t\t\t\t<div class=\"e-con-inner\">\n\t\t\t\t<div class=\"elementor-element elementor-element-c057138 elementor-widget elementor-widget-button\" data-id=\"c057138\" data-element_type=\"widget\" data-widget_type=\"button.default\">\n\t\t\t\t<div class=\"elementor-widget-container\">\n\t\t\t\t\t\t\t\t\t<div class=\"elementor-button-wrapper\">\n\t\t\t\t\t<a class=\"elementor-button elementor-button-link elementor-size-sm\" href=\"https:\/\/greenfuelpartners.com\/en\/kontakt\/\">\n\t\t\t\t\t\t<span class=\"elementor-button-content-wrapper\">\n\t\t\t\t\t\t\t\t\t<span class=\"elementor-button-text\">Contact us!<\/span>\n\t\t\t\t\t<\/span>\n\t\t\t\t\t<\/a>\n\t\t\t\t<\/div>\n\t\t\t\t\t\t\t\t<\/div>\n\t\t\t\t<\/div>\n\t\t\t\t\t<\/div>\n\t\t\t\t<\/div>\n\t\t\t\t<\/div>","protected":false},"excerpt":{"rendered":"<p>Your Partner for reliable greenfuel brokerage \u00dcber uns Linking Opportunities &#8211;\u00a0Neue Wege zum Erfolg in Zeiten permanenter Ver\u00e4nderung Als Vermittler im Bioenergiemarkt erzeugt greenfuelpartners Transparenz und unterst\u00fctzt beim Aufbau von verl\u00e4sslichen Partnerschaften in einem zunehmend undurchsichtigen Marktumfeld. Die Basis f\u00fcr eine erfolgreiche Zusammenarbeit bilden f\u00fcr uns die unternehmerischen Leitlinien Effizienz, Transparenz und Zuverl\u00e4ssigkeit. Effizienz Durch [&hellip;]<\/p>","protected":false},"author":1,"featured_media":0,"parent":0,"menu_order":0,"comment_status":"closed","ping_status":"closed","template":"","meta":{"footnotes":""},"class_list":["post-12","page","type-page","status-publish","hentry"],"_hostinger_reach_plugin_has_subscription_block":false,"_hostinger_reach_plugin_is_elementor":false,"_links":{"self":[{"href":"https:\/\/greenfuelpartners.com\/en\/wp-json\/wp\/v2\/pages\/12","targetHints":{"allow":["GET"]}}],"collection":[{"href":"https:\/\/greenfuelpartners.com\/en\/wp-json\/wp\/v2\/pages"}],"about":[{"href":"https:\/\/greenfuelpartners.com\/en\/wp-json\/wp\/v2\/types\/page"}],"author":[{"embeddable":true,"href":"https:\/\/greenfuelpartners.com\/en\/wp-json\/wp\/v2\/users\/1"}],"replies":[{"embeddable":true,"href":"https:\/\/greenfuelpartners.com\/en\/wp-json\/wp\/v2\/comments?post=12"}],"version-history":[{"count":48,"href":"https:\/\/greenfuelpartners.com\/en\/wp-json\/wp\/v2\/pages\/12\/revisions"}],"predecessor-version":[{"id":4548,"href":"https:\/\/greenfuelpartners.com\/en\/wp-json\/wp\/v2\/pages\/12\/revisions\/4548"}],"wp:attachment":[{"href":"https:\/\/greenfuelpartners.com\/en\/wp-json\/wp\/v2\/media?parent=12"}],"curies":[{"name":"wp","href":"https:\/\/api.w.org\/{rel}","templated":true}]}}