{"id":1160,"date":"2024-07-24T10:28:09","date_gmt":"2024-07-24T08:28:09","guid":{"rendered":"https:\/\/greenfuelpartners.com\/?page_id=1160"},"modified":"2026-01-12T11:33:24","modified_gmt":"2026-01-12T10:33:24","slug":"impressum","status":"publish","type":"page","link":"https:\/\/greenfuelpartners.com\/en\/impressum\/","title":{"rendered":"Impressum"},"content":{"rendered":"<div data-elementor-type=\"wp-page\" data-elementor-id=\"1160\" class=\"elementor elementor-1160\" data-elementor-post-type=\"page\">\n\t\t\t\t<div class=\"elementor-element elementor-element-05f5470 e-con-full e-transform e-flex e-con e-parent\" data-id=\"05f5470\" data-element_type=\"container\" data-settings=\"{&quot;background_background&quot;:&quot;classic&quot;,&quot;_transform_translateX_effect_tablet&quot;:{&quot;unit&quot;:&quot;px&quot;,&quot;size&quot;:0,&quot;sizes&quot;:[]},&quot;_transform_translateX_effect&quot;:{&quot;unit&quot;:&quot;px&quot;,&quot;size&quot;:&quot;&quot;,&quot;sizes&quot;:[]},&quot;_transform_translateX_effect_laptop&quot;:{&quot;unit&quot;:&quot;px&quot;,&quot;size&quot;:&quot;&quot;,&quot;sizes&quot;:[]},&quot;_transform_translateX_effect_tablet_extra&quot;:{&quot;unit&quot;:&quot;px&quot;,&quot;size&quot;:&quot;&quot;,&quot;sizes&quot;:[]},&quot;_transform_translateX_effect_mobile&quot;:{&quot;unit&quot;:&quot;px&quot;,&quot;size&quot;:&quot;&quot;,&quot;sizes&quot;:[]},&quot;_transform_translateY_effect&quot;:{&quot;unit&quot;:&quot;px&quot;,&quot;size&quot;:&quot;&quot;,&quot;sizes&quot;:[]},&quot;_transform_translateY_effect_laptop&quot;:{&quot;unit&quot;:&quot;px&quot;,&quot;size&quot;:&quot;&quot;,&quot;sizes&quot;:[]},&quot;_transform_translateY_effect_tablet_extra&quot;:{&quot;unit&quot;:&quot;px&quot;,&quot;size&quot;:&quot;&quot;,&quot;sizes&quot;:[]},&quot;_transform_translateY_effect_tablet&quot;:{&quot;unit&quot;:&quot;px&quot;,&quot;size&quot;:&quot;&quot;,&quot;sizes&quot;:[]},&quot;_transform_translateY_effect_mobile&quot;:{&quot;unit&quot;:&quot;px&quot;,&quot;size&quot;:&quot;&quot;,&quot;sizes&quot;:[]}}\">\n\t\t<div class=\"elementor-element elementor-element-6a7d32d e-con-full elementor-hidden-tablet elementor-hidden-mobile e-flex e-con e-child\" data-id=\"6a7d32d\" data-element_type=\"container\">\n\t\t\t\t<div class=\"elementor-element elementor-element-4f465a4 elementor-widget elementor-widget-text-editor\" data-id=\"4f465a4\" data-element_type=\"widget\" data-widget_type=\"text-editor.default\">\n\t\t\t\t<div class=\"elementor-widget-container\">\n\t\t\t\t\t\t\t\t\t<p>Your Partner for reliable greenfuel brokerage<\/p>\t\t\t\t\t\t\t\t<\/div>\n\t\t\t\t<\/div>\n\t\t\t\t<\/div>\n\t\t\t\t<\/div>\n\t\t<div class=\"elementor-element elementor-element-26a4966 e-flex e-con-boxed e-con e-parent\" data-id=\"26a4966\" data-element_type=\"container\">\n\t\t\t\t\t<div class=\"e-con-inner\">\n\t\t\t\t<div class=\"elementor-element elementor-element-df18df0 elementor-widget elementor-widget-text-editor\" data-id=\"df18df0\" data-element_type=\"widget\" data-widget_type=\"text-editor.default\">\n\t\t\t\t<div class=\"elementor-widget-container\">\n\t\t\t\t\t\t\t\t\t<p><strong>Company<\/strong><\/p><p>greenfuelpartners GmbH<\/p><p>Tal 44<\/p><p>80331 Munich<\/p><p>Germany<\/p><p><strong>Represented by<\/strong><\/p><p>M.Sc. Tobias Bl\u00fccher<\/p><p>M.Sc. Florian Hupfauf<\/p><p><strong>Contact<\/strong><\/p><p>E-Mail: info@greenfuelpartners.com<\/p><p>Phone: +49 89 2096 9097<\/p><p>Contact:\u00a0<\/p><p><a href=\"https:\/\/greenfuelpartners.com\/en\/kontakt\/\">https:\/\/greenfuelpartners.com\/kontakt\/<\/a><\/p><p><strong>Company details<\/strong><\/p><p>VAT ID: DE450307838<span style=\"font-family: var( --e-global-typography-text-font-family ), Sans-serif; font-size: var( --e-global-typography-text-font-size ); font-weight: var( --e-global-typography-text-font-weight ); text-align: var(--text-align);\">\u00a0<\/span><\/p><p>Business: Brokerage of sustainable raw materials and fuels as well as consulting<\/p><p><strong>Register and register number<\/strong><\/p><p>Entry in the commercial register.<\/p><p>Guided by: Munich Local Court<\/p><p>Number: 296626\u00a0<\/p><p><strong>Sources for the images and graphics used<\/strong><\/p>\t\t\t\t\t\t\t\t<\/div>\n\t\t\t\t<\/div>\n\t\t\t\t<div class=\"elementor-element elementor-element-f0652d4 elementor-widget elementor-widget-text-editor\" data-id=\"f0652d4\" data-element_type=\"widget\" data-widget_type=\"text-editor.default\">\n\t\t\t\t<div class=\"elementor-widget-container\">\n\t\t\t\t\t\t\t\t\t<p>\u00a0<\/p><p>Kirsty Pargeter\u00a0 <a href=\"https:\/\/www.vecteezy.com\/vector-art\/830012-wireframe-terrain-in-black-and-white\">https:\/\/www.vecteezy.com\/vector-art\/830012-wireframe-terrain-in-black-and-white<\/a><\/p><p>Sarinra Yimcharoen <a href=\"https:\/\/de.vecteezy.com\/vektorkunst\/10742842-abstrakt-weiss-gewellt-mit-verschwommenem-licht-geschwungene-linie-background-white\">https:\/\/de.vecteezy.com\/vektorkunst\/10742842-abstrakt-weiss-gewellt-mit-verschwommenem-licht-geschwungene-linie-background-white<\/a><\/p><p>Yulia Gapeenko <a href=\"https:\/\/de.vecteezy.com\/foto\/35846685-ai-generiert-ein-bild-von-ein-auto-fahren-auf-ein-wicklung-strasse\">https:\/\/de.vecteezy.com\/foto\/35846685-ai-generiert-ein-bild-von-ein-auto-fahren-auf-ein-wicklung-strasse<\/a><\/p><p>Uzair Irfan <a href=\"https:\/\/de.vecteezy.com\/foto\/35872974-ai-generiert-ladung-lkw-auf-das-autobahn-ladung-lieferung-fahren-auf-asphalt-strasse-durch-das-berge-gesehen-von-das-luft-antenne-aussicht-landschaft-drohne-fotografie\">https:\/\/de.vecteezy.com\/foto\/35872974-ai-generiert-ladung-lkw-auf-das-autobahn-ladung-lieferung-fahren-auf-asphalt-strasse-durch-das-berge-gesehen-von-das-luft-antenne-aussicht-landschaft-drohne-fotografie<\/a><\/p><p>Oleg Gapeenko <a href=\"https:\/\/de.vecteezy.com\/foto\/38819595-ai-generiert-markieren-das-streugut-und-charme-von-ein-industriell-warenhaus-kreis\">https:\/\/de.vecteezy.com\/foto\/38819595-ai-generiert-markieren-das-streugut-und-charme-von-ein-industriell-warenhaus-kreis<\/a><\/p><p>KP Stocker <a href=\"https:\/\/de.vecteezy.com\/vektorkunst\/8111045-drahtmodell-kugel-drahtmodell-globus\">https:\/\/de.vecteezy.com\/vektorkunst\/8111045-drahtmodell-kugel-drahtmodell-globus<\/a><\/p><p>Pattadis Walarput <a href=\"https:\/\/de.vecteezy.com\/foto\/7144718-abstrakte-blau-rosa-pulver-explosion-auf-weissem-hintergrund\">https:\/\/de.vecteezy.com\/foto\/7144718-abstrakte-blau-rosa-pulver-explosion-auf-weissem-hintergrund<\/a><\/p><p>Ahasanara Akter <a href=\"https:\/\/de.vecteezy.com\/foto\/35414599-ai-generiert-olive-oder-motor-ol-spritzen-kosmetisch-serum-flussigkeit-isoliert-auf-weiss-hintergrund-generativ-ai\">https:\/\/de.vecteezy.com\/foto\/35414599-ai-generiert-olive-oder-motor-ol-spritzen-kosmetisch-serum-flussigkeit-isoliert-auf-weiss-hintergrund-generativ-ai<\/a><\/p><p>Digital Art89 <a href=\"https:\/\/de.vecteezy.com\/foto\/32331089-modern-biogas-pflanze-zwischen-mehrere-felder-im-landlich-region-mit-sonnenuntergang-hintergrund-bioenergie-pflanze-nutzen-organisch-abfall-generativ-ai\">https:\/\/de.vecteezy.com\/foto\/32331089-modern-biogas-pflanze-zwischen-mehrere-felder-im-landlich-region-mit-sonnenuntergang-hintergrund-bioenergie-pflanze-nutzen-organisch-abfall-generativ-ai<\/a><\/p><p>Wasin PUMMARIN <a href=\"https:\/\/de.vecteezy.com\/foto\/1309578-munchen-innenstadt-skyline\">https:\/\/de.vecteezy.com\/foto\/1309578-munchen-innenstadt-skyline<\/a><\/p><p>Oleg Gapeenko <a href=\"https:\/\/de.vecteezy.com\/foto\/41727388-ai-generiert-gelb-bleistift-nahansicht-auf-weiss-oberflache\">https:\/\/de.vecteezy.com\/foto\/41727388-ai-generiert-gelb-bleistift-nahansicht-auf-weiss-oberflache<\/a><\/p><p>Ahasanara Akter <a href=\"https:\/\/de.vecteezy.com\/foto\/22958596-welt-erde-tag-konzept-illustration-von-das-grun-planet-erde-auf-ein-weiss-hintergrund-erde-tag-poster-banner-karte-april-22-speichern-das-planet-umfeld-planet-erde-generieren-ai\">https:\/\/de.vecteezy.com\/foto\/22958596-welt-erde-tag-konzept-illustration-von-das-grun-planet-erde-auf-ein-weiss-hintergrund-erde-tag-poster-banner-karte-april-22-speichern-das-planet-umfeld-planet-erde-generieren-ai<\/a><\/p><p>Witsanu Singkaew <a href=\"https:\/\/www.vecteezy.com\/photo\/32974858-pipes-and-pipes-in-an-oil-pipeline-ai-generative\">https:\/\/www.vecteezy.com\/photo\/32974858-pipes-and-pipes-in-an-oil-pipeline-ai-generative<\/a><\/p><p>Jozef Jankola <a href=\"https:\/\/www.vecteezy.com\/photo\/2155110-foothill-meadow-with-dandelions\">https:\/\/www.vecteezy.com\/photo\/2155110-foothill-meadow-with-dandelions<\/a><\/p><p>Blockbits <a href=\"https:\/\/www.vecteezy.com\/photo\/48608959-snow-covered-rooftops-and-chimneys-with-colorful-sunrise-in-historic-town-background\">https:\/\/www.vecteezy.com\/photo\/48608959-snow-covered-rooftops-and-chimneys-with-colorful-sunrise-in-historic-town-background<\/a><\/p><p>Idalba Granada <a href=\"https:\/\/www.vecteezy.com\/photo\/36220437-ai-generated-repairing-machinery-teamwork-ensures-accuracy-and-reliability-generated-by-ai\">https:\/\/www.vecteezy.com\/photo\/36220437-ai-generated-repairing-machinery-teamwork-ensures-accuracy-and-reliability-generated-by-ai<\/a><\/p><p>Okan Akdeniz <a href=\"https:\/\/www.vecteezy.com\/photo\/3100701-strategy-playing-game-chess\">https:\/\/www.vecteezy.com\/photo\/3100701-strategy-playing-game-chess<\/a><\/p><p>Lina Listiana\u00a0<a style=\"background-color: #ffffff;\" title=\"https:\/\/www.vecteezy.com\/photo\/55295018-large-cargo-ship-is-sailing-in-the-ocean-currently-shipping-containers\" href=\"https:\/\/www.vecteezy.com\/photo\/55295018-large-cargo-ship-is-sailing-in-the-ocean-currently-shipping-containers\" target=\"_blank\" rel=\"noreferrer noopener\" aria-label=\"Link https:\/\/www.vecteezy.com\/photo\/55295018-large-cargo-ship-is-sailing-in-the-ocean-currently-shipping-containers\">https:\/\/www.vecteezy.com\/photo\/55295018-large-cargo-ship-is-sailing-in-the-ocean-currently-shipping-containers<\/a><\/p><p>Sebelas Studio <a href=\"https:\/\/www.vecteezy.com\/photo\/68792840-motion-through-a-tunnel-reveals-a-cityscape-on-the-horizon-sky-and-linear-perspective\">https:\/\/www.vecteezy.com\/photo\/68792840-motion-through-a-tunnel-reveals-a-cityscape-on-the-horizon-sky-and-linear-perspective<\/a><\/p><p>Turan Israyilli\u00a0<a style=\"background-color: #ffffff;\" title=\"https:\/\/www.vecteezy.com\/photo\/27611861-transparent-crystal-ball-on-a-wooden-table-ai-generative\" href=\"https:\/\/www.vecteezy.com\/photo\/27611861-transparent-crystal-ball-on-a-wooden-table-ai-generative\" target=\"_blank\" rel=\"noreferrer noopener\" aria-label=\"Link https:\/\/www.vecteezy.com\/photo\/27611861-transparent-crystal-ball-on-a-wooden-table-ai-generative\">https:\/\/www.vecteezy.com\/photo\/27611861-transparent-crystal-ball-on-a-wooden-table-ai-generative<\/a><\/p><p>Evgenii Illarionov <a href=\"https:\/\/www.vecteezy.com\/vector-art\/25271968-abstract-technology-connection-low-poly-lines-background\">https:\/\/www.vecteezy.com\/vector-art\/25271968-abstract-technology-connection-low-poly-lines-background<\/a><\/p><p>Korakit Intraprasert\u00a0<a href=\"https:\/\/www.vecteezy.com\/vector-art\/2756452-abstract-background-with-technology-circuit-board-texture-electronic-motherboard-illustration-communication-and-engineering-concept-vector-illustration\">https:\/\/www.vecteezy.com\/vector-art\/2756452-abstract-background-with-technology-circuit-board-texture-electronic-motherboard-illustration-communication-and-engineering-concept-vector-illustration<\/a><\/p><p>Noppadol Thammatorn\u00a0<a href=\"https:\/\/www.vecteezy.com\/vector-art\/11376680-abstract-futuristic-technology-white-background-template-with-circle-line-and-copyspace-vector-illustration\">https:\/\/www.vecteezy.com\/vector-art\/11376680-abstract-futuristic-technology-white-background-template-with-circle-line-and-copyspace-vector-illustration<\/a><\/p><p>Digital Art 89 <a href=\"https:\/\/www.vecteezy.com\/photo\/32331089-modern-biogas-plant-between-several-fields-in-rural-region-with-sunset-background-bioenergy-plant-utilizing-organic-waste-generative-ai\">https:\/\/www.vecteezy.com\/photo\/32331089-modern-biogas-plant-between-several-fields-in-rural-region-with-sunset-background-bioenergy-plant-utilizing-organic-waste-generative-ai<\/a><\/p><p>Asih Wahyuni <a href=\"https:\/\/www.vecteezy.com\/photo\/70374969-blackboard-with-diagrams-and-stool-in-bright-room-with-green-tree-view\">https:\/\/www.vecteezy.com\/photo\/70374969-blackboard-with-diagrams-and-stool-in-bright-room-with-green-tree-view<\/a><\/p>\t\t\t\t\t\t\t\t<\/div>\n\t\t\t\t<\/div>\n\t\t\t\t\t<\/div>\n\t\t\t\t<\/div>\n\t\t<div class=\"elementor-element elementor-element-b156882 e-flex e-con-boxed e-con e-parent\" data-id=\"b156882\" data-element_type=\"container\">\n\t\t\t\t\t<div class=\"e-con-inner\">\n\t\t\t\t\t<\/div>\n\t\t\t\t<\/div>\n\t\t\t\t<\/div>","protected":false},"excerpt":{"rendered":"<p>Your Partner for reliable greenfuel brokerage Unternehmen greenfuelpartners GmbH Tal 44 80331 M\u00fcnchen Deutschland Vertreten durch M.Sc. Tobias Bl\u00fccher M.Sc. Florian Hupfauf Kontaktm\u00f6glichkeiten E-Mail-Adresse: info@greenfuelpartners.com Telefon: +49 89 2096 9097 Kontaktformular:\u00a0 https:\/\/greenfuelpartners.com\/kontakt\/ Angaben zum Unternehmen Umsatzsteuer Identifikationsnummer (USt-ID): DE450307838\u00a0 Gesch\u00e4ftsbereich: Vermittlung von nachhaltigen Roh- und Kraftstoffen sowie Beratung Register und Registernummer Eintragung im Handelsregister. Gef\u00fchrt [&hellip;]<\/p>","protected":false},"author":1,"featured_media":0,"parent":0,"menu_order":0,"comment_status":"closed","ping_status":"closed","template":"","meta":{"footnotes":""},"class_list":["post-1160","page","type-page","status-publish","hentry"],"_hostinger_reach_plugin_has_subscription_block":false,"_hostinger_reach_plugin_is_elementor":false,"_links":{"self":[{"href":"https:\/\/greenfuelpartners.com\/en\/wp-json\/wp\/v2\/pages\/1160","targetHints":{"allow":["GET"]}}],"collection":[{"href":"https:\/\/greenfuelpartners.com\/en\/wp-json\/wp\/v2\/pages"}],"about":[{"href":"https:\/\/greenfuelpartners.com\/en\/wp-json\/wp\/v2\/types\/page"}],"author":[{"embeddable":true,"href":"https:\/\/greenfuelpartners.com\/en\/wp-json\/wp\/v2\/users\/1"}],"replies":[{"embeddable":true,"href":"https:\/\/greenfuelpartners.com\/en\/wp-json\/wp\/v2\/comments?post=1160"}],"version-history":[{"count":99,"href":"https:\/\/greenfuelpartners.com\/en\/wp-json\/wp\/v2\/pages\/1160\/revisions"}],"predecessor-version":[{"id":4691,"href":"https:\/\/greenfuelpartners.com\/en\/wp-json\/wp\/v2\/pages\/1160\/revisions\/4691"}],"wp:attachment":[{"href":"https:\/\/greenfuelpartners.com\/en\/wp-json\/wp\/v2\/media?parent=1160"}],"curies":[{"name":"wp","href":"https:\/\/api.w.org\/{rel}","templated":true}]}}